{"id":2165,"date":"2017-07-06T19:37:51","date_gmt":"2017-07-06T19:37:51","guid":{"rendered":"https:\/\/architects.agwaymetals.com\/?page_id=2165\/"},"modified":"2017-07-10T16:08:42","modified_gmt":"2017-07-10T16:08:42","slug":"about-us-fr","status":"publish","type":"page","link":"https:\/\/architects.agwaymetals.com\/fr\/about-us-fr\/","title":{"rendered":"\u00c0 PROPOS DE NOUS"},"content":{"rendered":"<div id=\"node-200\" class=\"node node-page clearfix\">\n<div class=\"content\">\n<div class=\"field field-name-body field-type-text-with-summary field-label-hidden\">\n<div class=\"field-items\">\n<div class=\"field-item even\">\n<p><img decoding=\"async\" src=\"http:\/\/agwaymetals.com\/sites\/default\/files\/about\/mission.jpg\" \/><\/p>\n<h2>Des solutions d\u2019acier qui marchent<\/h2>\n<h3>C\u2019est pour \u00e7a qu\u2019il est plus facile de faire affaire avec Agway.<\/h3>\n<p>Les solutions ax\u00e9es sur les r\u00e9sultats se concr\u00e9tisent uniquement dans le cadre de relations fond\u00e9es sur l\u2019honn\u00eatet\u00e9, l\u2019expertise et l\u2019action. Depuis plus de 40 ans, les solutions diversifi\u00e9es de Agway englobent tout un ensemble de gammes de produits adapt\u00e9s aux applications des march\u00e9s r\u00e9sidentiel, agricole, industriel, commercial et institutionnel. Agway s\u2019assure que toutes ses solutions d\u2019acier respectent ou surpassent les exigences et les attentes de chaque client.<\/p>\n<p>C\u2019est gr\u00e2ce au savoir-faire, \u00e0 la diligence et \u00e0 la r\u00e9ceptivit\u00e9 de nos gens que nos solutions d\u2019acier marchent. Des parements muraux aux toitures en passant par les panneaux, les accessoires sp\u00e9cialis\u00e9s et les formes fa\u00e7onn\u00e9es sur commande dans le cadre de projets in\u00e9dits de construction, notre position de chef de file au sein de l\u2019industrie et nos gammes de produits sont mis en valeur par les connaissances sp\u00e9ciales, le d\u00e9vouement et la r\u00e9ceptivit\u00e9 de nos gens qui font en sorte que chacun des clients trouvent qu\u2019il est plus facile de faire affaire avec Agway.<\/p>\n<p>Chacun de nous chez AGWAY compte sur les normes les plus strictes en mati\u00e8re d\u2019int\u00e9grit\u00e9 et de comportement \u00e9thique dans tout ce que nous faisons \u2013 nous les exigeons de nous-m\u00eames et de la part de tous les coll\u00e8gues et les membres de notre \u00e9quipe. Ces croyances et ces valeurs partag\u00e9es constituent le fondement de nos relations de confiance durables et de notre partenariat avec nos clients qui sont la pierre angulaire de notre succ\u00e8s.<\/p>\n<h2>Direction<\/h2>\n<p>Chez AGWAY, nous savons que notre succ\u00e8s est int\u00e9gralement fonction de celui de nos clients. ** Ainsi, tous nos processus fonctionnels sont cibl\u00e9s de fa\u00e7on qu\u2019il soit plus facile de faire affaire avec AGWAY qu\u2019avec n\u2019importe qui d\u2019autre \u2013 une promesse d\u2019entreprise que nous mettons tous en pratique avec d\u00e9vouement. Cette promesse exige que nous r\u00e9agissions rapidement et cat\u00e9goriquement en vue de r\u00e9gler les probl\u00e8mes et ainsi nous assurer de tenir parole de fa\u00e7on soutenue.<\/p>\n<h2>\u00c0 la recherche de la perfection<\/h2>\n<p>En tant qu\u2019humains, il nous est impossible d\u2019atteindre la perfection dans le cadre de nos activit\u00e9s. Ceci ne nous emp\u00eache pas pour autant de nous efforcer, au jour le jour, de nous en rapprocher. En cas d\u2019erreur, les \u00e9quipes concern\u00e9es de AGWAY passent imm\u00e9diatement \u00e0 l\u2019action et travaillent de concert pour y rem\u00e9dier rapidement. Si quelque chose cloche, nous rectifierons la situation, vous en avez notre parole.<\/p>\n<h2>Ventes<\/h2>\n<p>Le personnel des ventes de AGWAY constitue notre plus importante ressource parce que le savoir-faire et le d\u00e9vouement de ces gens vont bien au-del\u00e0 de la simple connaissance des produits. Ce sont en fait des fournisseurs-collaborateurs de solutions. Nous savons que la satisfaction des clients d\u00e9coule de nos interactions avec eux et du service que nous leur assurons. Nous avons aussi que chaque membre de l\u2019\u00e9quipe des ventes personnifie notre marque. Ainsi, chacun d\u2019eux s\u2019efforce d\u2019\u00eatre \u00e0 la hauteur de notre promesse de vous \u00abfaciliter les affaires\u00bb, promesse ancr\u00e9e profond\u00e9ment dans notre culture d\u2019entreprise.<\/p>\n<h2>Fabrication<\/h2>\n<p>Chacun de nous chez AGWAY tient \u00e0 respecter \u00e0 100 % l\u2019engagement envers la qualit\u00e9 de nos produits. Qu\u2019il s\u2019agisse des panneaux les plus grands ou des vis les plus minuscules, nous visons la perfection au quotidien. Pour cette raison, les clients de AGWAY tiennent pour acquis la qualit\u00e9 de nos produits \u2013 ce dont nous tirons une grande fiert\u00e9. Notre souci de la qualit\u00e9 sur le plan de l\u2019ex\u00e9cution aide nos sp\u00e9cialistes de la fabrication \u00e0 \u00e9tablir les normes de l\u2019industrie.<\/p>\n<h2>Exp\u00e9dition<\/h2>\n<p>Chacune des \u00e9tapes de notre processus fonctionnel est essentielle \u00e0 la livraison des bonnes solutions, au bon moment. Ainsi, chez Agway l\u2019exp\u00e9dition n\u2019est jamais une r\u00e9flexion apr\u00e8s coup, mais plut\u00f4t l\u2019\u00e9tape finale de notre cha\u00eene d\u2019approvisionnement, donc tout aussi importante que toutes les autres. Nous reconnaissons le caract\u00e8re crucial du facteur temps et visons l\u2019application de notre politique de livraison \u00e0 tol\u00e9rance z\u00e9ro.<\/p>\n<\/div>\n<\/div>\n<\/div>\n<\/div>\n<\/div>\n","protected":false},"excerpt":{"rendered":"<p>Des solutions d\u2019acier qui marchent C\u2019est pour \u00e7a qu\u2019il est plus facile de faire affaire avec Agway. Les solutions ax\u00e9es sur les r\u00e9sultats se concr\u00e9tisent uniquement dans le cadre de relations fond\u00e9es sur l\u2019honn\u00eatet\u00e9, l\u2019expertise et l\u2019action. Depuis plus de 40 ans, les solutions diversifi\u00e9es de Agway englobent tout un ensemble de gammes de produits [&hellip;]<\/p>\n","protected":false},"author":2,"featured_media":0,"parent":0,"menu_order":0,"comment_status":"closed","ping_status":"closed","template":"","meta":{"_acf_changed":false,"footnotes":""},"class_list":["post-2165","page","type-page","status-publish","hentry"],"acf":[],"_links":{"self":[{"href":"https:\/\/architects.agwaymetals.com\/fr\/wp-json\/wp\/v2\/pages\/2165","targetHints":{"allow":["GET"]}}],"collection":[{"href":"https:\/\/architects.agwaymetals.com\/fr\/wp-json\/wp\/v2\/pages"}],"about":[{"href":"https:\/\/architects.agwaymetals.com\/fr\/wp-json\/wp\/v2\/types\/page"}],"author":[{"embeddable":true,"href":"https:\/\/architects.agwaymetals.com\/fr\/wp-json\/wp\/v2\/users\/2"}],"replies":[{"embeddable":true,"href":"https:\/\/architects.agwaymetals.com\/fr\/wp-json\/wp\/v2\/comments?post=2165"}],"version-history":[{"count":3,"href":"https:\/\/architects.agwaymetals.com\/fr\/wp-json\/wp\/v2\/pages\/2165\/revisions"}],"predecessor-version":[{"id":2206,"href":"https:\/\/architects.agwaymetals.com\/fr\/wp-json\/wp\/v2\/pages\/2165\/revisions\/2206"}],"wp:attachment":[{"href":"https:\/\/architects.agwaymetals.com\/fr\/wp-json\/wp\/v2\/media?parent=2165"}],"curies":[{"name":"wp","href":"https:\/\/api.w.org\/{rel}","templated":true}]}}