{"id":2173,"date":"2017-07-06T20:29:15","date_gmt":"2017-07-06T20:29:15","guid":{"rendered":"https:\/\/architects.agwaymetals.com\/?page_id=2173\/"},"modified":"2018-12-07T14:47:19","modified_gmt":"2018-12-07T14:47:19","slug":"couleur-residentiel-visualizer","status":"publish","type":"page","link":"https:\/\/architects.agwaymetals.com\/fr\/couleur-residentiel-visualizer\/","title":{"rendered":"Couleur R\u00e9sidentiel Visualizer"},"content":{"rendered":"<link href=\"\/rca\/_common\/css\/rca.css\" rel=\"stylesheet\" type=\"text\/css\"><!--[if IE 9]><link href=\"\/rca\/_common\/css\/compat.ie9.css\" rel=\"stylesheet\" type=\"text\/css\"><![endif]--><!--[if IE 9]>\n\n<div id=\"rca\" class=\"rca rca--no-js rca--ie9\" role=\"application\" aria-busy=\"true\"><![endif]--><!--[if !IE | gt IE 9]><!-->\n<div id=\"rca\" class=\"rca rca--no-js\" role=\"application\" aria-busy=\"true\"><!--<![endif]--><\/p>\n<div class=\"rca__load-spinner rca__load-spinner--app\">\n<div class=\"rca__load-spinner__corner rca__load-spinner__corner--nw\"><\/div>\n<div class=\"rca__load-spinner__corner rca__load-spinner__corner--ne\"><\/div>\n<div class=\"rca__load-spinner__corner rca__load-spinner__corner--sw\"><\/div>\n<div class=\"rca__load-spinner__corner rca__load-spinner__corner--se\"><\/div>\n<\/div>\n<div class=\"rca__stage\">\n<div class=\"rca__views\">\n<div id=\"rca-view-home-style\" class=\"rca__view rca__view--home-style\" tabindex=\"0\" aria-busy=\"true\" data-pip=\"false\">\n<div class=\"rca__load-spinner\">\n<div class=\"rca__load-spinner__corner rca__load-spinner__corner--nw\"><\/div>\n<div class=\"rca__load-spinner__corner rca__load-spinner__corner--ne\"><\/div>\n<div class=\"rca__load-spinner__corner rca__load-spinner__corner--sw\"><\/div>\n<div class=\"rca__load-spinner__corner rca__load-spinner__corner--se\"><\/div>\n<\/div>\n<div class=\"rca__view--home-style__images\" data-zoom=\"0\" data-zooming=\"false\" data-panning=\"false\"><!-- queued --><img decoding=\"async\" src=\"data:image\/gif;base64,R0lGODlhAQABAIAAAAAAAP\/\/\/yH5BAEAAAAALAAAAAABAAEAAAIBRAA7\" alt=\"\" aria-disabled=\"true\"><!-- active --><img decoding=\"async\" src=\"data:image\/gif;base64,R0lGODlhAQABAIAAAAAAAP\/\/\/yH5BAEAAAAALAAAAAABAAEAAAIBRAA7\" alt=\"\" aria-disabled=\"false\"><\/div>\n<\/div>\n<div id=\"rca-view-profile\" class=\"rca__view rca__view--profile\" tabindex=\"0\" aria-busy=\"true\" data-pip=\"true\">\n<div class=\"rca__load-spinner\">\n<div class=\"rca__load-spinner__corner rca__load-spinner__corner--nw\"><\/div>\n<div class=\"rca__load-spinner__corner rca__load-spinner__corner--ne\"><\/div>\n<div class=\"rca__load-spinner__corner rca__load-spinner__corner--sw\"><\/div>\n<div class=\"rca__load-spinner__corner rca__load-spinner__corner--se\"><\/div>\n<\/div>\n<p><video preload=\"auto\" loop tabindex=\"-1\" aria-disabled=\"true\"><\/video><\/div>\n<\/div>\n<div class=\"rca__overlays\">\n<div id=\"rca-list-home-style\" class=\"rca__overlay rca__overlay--home-styles rca__dialog\" tabindex=\"-1\" role=\"tabpanel\" aria-hidden=\"true\">\n<div class=\"rca__dialog__titlebar\">\n<div class=\"rca__dialog__title\"><\/div>\n<p><a class=\"rca__dialog__close\" href=\"#\" tabindex=\"-1\" role=\"button\" aria-controls=\"rca-list-home-style\">X<\/a><\/div>\n<div class=\"rca__dialog__body\">\n<ul class=\"rca__opt-list rca__opt-list--home-styles\" role=\"listbox\"><\/ul>\n<\/div>\n<\/div>\n<div id=\"rca-list-profile\" class=\"rca__overlay rca__overlay--profiles rca__dialog\" tabindex=\"-1\" role=\"tabpanel\" aria-hidden=\"true\">\n<div class=\"rca__dialog__titlebar\">\n<div class=\"rca__dialog__title\"><\/div>\n<p><a class=\"rca__dialog__close\" href=\"#\" tabindex=\"-1\" role=\"button\" aria-controls=\"rca-list-profile\">X<\/a><\/div>\n<div class=\"rca__dialog__body\">\n<ul class=\"rca__opt-list rca__opt-list--profiles\" role=\"listbox\"><\/ul>\n<\/div>\n<\/div>\n<div id=\"rca-list-color\" class=\"rca__overlay rca__overlay--colors rca__dialog\" tabindex=\"-1\" role=\"tabpanel\" aria-hidden=\"true\">\n<div class=\"rca__dialog__titlebar\">\n<div class=\"rca__dialog__title\"><\/div>\n<p><a class=\"rca__dialog__close\" href=\"#\" tabindex=\"-1\" role=\"button\" aria-controls=\"rca-list-color\">X<\/a><\/div>\n<div class=\"rca__dialog__body\">\n<ul class=\"rca__opt-list rca__opt-list--colors\" role=\"listbox\"><\/ul>\n<\/div>\n<\/div>\n<p><a id=\"rca-overlay-magnify\" class=\"rca__overlay rca__overlay--magnify\" href=\"#\" tabindex=\"-1\" role=\"button\" aria-hidden=\"true\" aria-label=\"\" aria-controls=\"rca-view-home-style\"><img decoding=\"async\" src=\"\/rca\/_common\/images\/ico-magnify.svgz\" alt=\"\"><\/a><a id=\"rca-overlay-rotate\" class=\"rca__overlay rca__overlay--rotate\" href=\"#\" tabindex=\"-1\" role=\"button\" aria-hidden=\"true\" aria-label=\"\" aria-controls=\"rca-view-profile\"><img decoding=\"async\" src=\"\/rca\/_common\/images\/ico-rotate.svgz\" alt=\"\"><\/a><\/div>\n<\/div>\n<div id=\"rca-menu\" class=\"rca__menu\" aria-busy=\"true\">\n<div id=\"rca-menu-profile-name\" class=\"rca__menu__profile-name rca__menu__label\"><!-- Selected Profile Label --><\/div>\n<div class=\"rca__menu__opts\">\n<div id=\"rca-menu-opts-sel\" class=\"rca__menu__opts__sel rca__menu__label\"><!-- Selected Option Label --><\/div>\n<ul class=\"rca__menu__opts__list\" role=\"tablist\">\n<li class=\"rca__menu__opt rca__menu__opt--profile\"><a id=\"rca-menu-opt-profile\" class=\"rca__menu__opt__ico\" href=\"#\" role=\"tab\" aria-controls=\"rca-list-profile\" aria-label=\"\" aria-haspopup=\"true\" aria-selected=\"false\" data-key=\"profile\"><img decoding=\"async\" src=\"\/rca\/_common\/images\/ico-menu-profile.svgz\" alt=\"\"><\/a><\/li>\n<li class=\"rca__menu__opt rca__menu__opt--color\"><a id=\"rca-menu-opt-color\" class=\"rca__menu__opt__ico\" href=\"#\" role=\"tab\" aria-controls=\"rca-list-color\" aria-label=\"\" aria-haspopup=\"true\" aria-selected=\"false\" data-key=\"color\"><img decoding=\"async\" src=\"\/rca\/_common\/images\/ico-menu-color.svgz\" alt=\"\"><\/a><\/li>\n<li class=\"rca__menu__opt rca__menu__opt--home-style\"><a id=\"rca-menu-opt-home-style\" class=\"rca__menu__opt__ico\" href=\"#\" role=\"tab\" aria-controls=\"rca-list-home-style\" aria-label=\"\" aria-haspopup=\"true\" aria-selected=\"false\" data-key=\"home-style\"><img decoding=\"async\" src=\"\/rca\/_common\/images\/ico-menu-home-style.svgz\" alt=\"\"><\/a><\/li>\n<li class=\"rca__menu__opt rca__menu__opt--pdf\"><a id=\"rca-menu-opt-pdf\" class=\"rca__menu__opt__ico rca__menu__opt__ico--pdf\" href=\"#\" aria-label=\"\" target=\"_blank\"><img decoding=\"async\" src=\"\/rca\/_common\/images\/ico-menu-pdf.svgz\" alt=\"\"><\/a><\/li>\n<\/ul>\n<\/div>\n<\/div>\n<\/div>\n<div id=\"text\">\n<div class=\"field field-name-body field-type-text-with-summary field-label-hidden\">\n<div class=\"field-items\">\n<div class=\"field-item even\">\n<h1>Nouveau visualisateur de couleurs des toits d&rsquo;acier d&rsquo;AGWAY<\/h1>\n<h2>Parce qu&rsquo;une image vaut vraiment mille mots<\/h2>\n<p>En procurant aux propri\u00e9taires r\u00e9sidentiels une vue d&rsquo;ensemble plus compl\u00e8te des options qui s&rsquo;offrent \u00e0 eux en mati\u00e8re de toits d&rsquo;acier, le nouveau visualisateur de couleurs d&rsquo;AGWAY leur permet de choisir la couleur et le profil\u00e9 qu&rsquo;ils pr\u00e9f\u00e8rent et d&rsquo;ensuite appliquer leurs s\u00e9lections \u00e0 l&rsquo;un des trois styles de base de b\u00e2timents propos\u00e9s \u2013 bungalow, maison \u00e0 deux \u00e9tages ou chalet.<\/p>\n<p>Comme compl\u00e9ment \u00e0 leur imagination, le visualisateur de couleurs produit ensuite un rendu visuel approximatif de l&rsquo;allure que pourrait avoir un nouveau toit d&rsquo;acier sur leur maison ou chalet \u00e0 partir de la couleur, du profil\u00e9 et du style choisis. Les propri\u00e9taires peuvent aussi imprimer une image couleur de ce rendu \u00e0 partir de leur ordinateur. Le visualisateur de couleurs leur permet m\u00eame de faire un plan rapproch\u00e9 et d&rsquo;examiner de pr\u00e8s le rendu final, ainsi que de simuler une vue sur 360\u00b0 du profil\u00e9 s\u00e9lectionn\u00e9.<\/p>\n<p>Le visualisateur de couleurs d&rsquo;AGWAY aide les propri\u00e9taires r\u00e9sidentiels \u00e0 mieux visualiser l&rsquo;allure de leur nouveau toit d&rsquo;acier et ce, \u00e0 partir de 5 profil\u00e9s in\u00e9dits et 18&nbsp;couleurs offertes.<\/p>\n<h2>L&rsquo;application couleur d&rsquo;AGWAY est simple d&#8217;emploi:<\/h2>\n<ol>\n<li>Choisissez le profil\u00e9 que vous pr\u00e9f\u00e9rez parmi les cinq offerts.<\/li>\n<li>S\u00e9lectionnez la couleur de votre choix dans la palette propos\u00e9e pour ce profil\u00e9.<\/li>\n<li>\u00c0 partir du menu des styles, choisissez le type de structure \u2013 bungalow, maison \u00e0 deux \u00e9tages ou chaleur \u2013 qui ressemble le plus \u00e0 la structure de votre r\u00e9sidence.<\/li>\n<li>Cliquez sur le symbole d&rsquo;agrandissement pour voir un plan rapproch\u00e9.<\/li>\n<li>Pour un visionnement plus d\u00e9taill\u00e9 du profil s\u00e9lectionn\u00e9, il suffit de cliquer sur son image pour l&rsquo;agrandir et ensuite d&rsquo;utiliser le symbole de rotation pour en avoir une vue  sur 360\u00b0.<\/li>\n<li>Pour imprimer une copie de votre s\u00e9lection, il suffit de cliquer sur le bouton PDF en \u00e9vidence au bas de la page de l&rsquo;application.<\/li>\n<\/ol>\n<\/div>\n<\/div>\n<\/div>\n<\/div>\n<p><!-- [if IE 9]><script src=\"\/rca\/_common\/js\/polyfill.class-list.min.js\"><\/script><![endif]--><script src=\"\/rca\/_common\/js\/polyfill.custom-event.js\"><\/script><script data-main=\"\/rca\/_common\/js\/rca\/app\" src=\"\/rca\/_common\/js\/require.js\"><\/script><\/p>\n","protected":false},"excerpt":{"rendered":"<p>X X X Nouveau visualisateur de couleurs des toits d&rsquo;acier d&rsquo;AGWAY Parce qu&rsquo;une image vaut vraiment mille mots En procurant aux propri\u00e9taires r\u00e9sidentiels une vue d&rsquo;ensemble plus compl\u00e8te des options qui s&rsquo;offrent \u00e0 eux en mati\u00e8re de toits d&rsquo;acier, le nouveau visualisateur de couleurs d&rsquo;AGWAY leur permet de choisir la couleur et le profil\u00e9 qu&rsquo;ils [&hellip;]<\/p>\n","protected":false},"author":2,"featured_media":0,"parent":0,"menu_order":0,"comment_status":"closed","ping_status":"closed","template":"","meta":{"_acf_changed":false,"footnotes":""},"class_list":["post-2173","page","type-page","status-publish","hentry"],"acf":[],"_links":{"self":[{"href":"https:\/\/architects.agwaymetals.com\/fr\/wp-json\/wp\/v2\/pages\/2173","targetHints":{"allow":["GET"]}}],"collection":[{"href":"https:\/\/architects.agwaymetals.com\/fr\/wp-json\/wp\/v2\/pages"}],"about":[{"href":"https:\/\/architects.agwaymetals.com\/fr\/wp-json\/wp\/v2\/types\/page"}],"author":[{"embeddable":true,"href":"https:\/\/architects.agwaymetals.com\/fr\/wp-json\/wp\/v2\/users\/2"}],"replies":[{"embeddable":true,"href":"https:\/\/architects.agwaymetals.com\/fr\/wp-json\/wp\/v2\/comments?post=2173"}],"version-history":[{"count":7,"href":"https:\/\/architects.agwaymetals.com\/fr\/wp-json\/wp\/v2\/pages\/2173\/revisions"}],"predecessor-version":[{"id":3825,"href":"https:\/\/architects.agwaymetals.com\/fr\/wp-json\/wp\/v2\/pages\/2173\/revisions\/3825"}],"wp:attachment":[{"href":"https:\/\/architects.agwaymetals.com\/fr\/wp-json\/wp\/v2\/media?parent=2173"}],"curies":[{"name":"wp","href":"https:\/\/api.w.org\/{rel}","templated":true}]}}