{"id":2530,"date":"2017-08-02T01:41:37","date_gmt":"2017-08-02T01:41:37","guid":{"rendered":"https:\/\/architects.agwaymetals.com\/?page_id=2530\/"},"modified":"2019-05-03T19:23:52","modified_gmt":"2019-05-03T19:23:52","slug":"courbe-mobile-ar","status":"publish","type":"page","link":"https:\/\/architects.agwaymetals.com\/fr\/courbe-mobile-ar\/","title":{"rendered":"Courbe Mobile AR"},"content":{"rendered":"<div class=\"content scrapped\">\n<div class=\"field field-name-body field-type-text-with-summary field-label-hidden\">\n<div class=\"field-items\">\n<div class=\"field-item even\">\n<h1>Introduction<\/h1>\n<p>Les courbes sont un \u00e9l\u00e9ment int\u00e9gral de beaut\u00e9 organique et math\u00e9matique. Aujourd&rsquo;hui, Agway Metals \u00e9largit votre champ de cr\u00e9ativit\u00e9 en vous offrant une m\u00e9thodologie pratique de formation d&rsquo;\u00e9l\u00e9gants panneaux de toit recourb\u00e9s, sur place. Que vous soyez architecte, concepteur ou constructeur, vous n&rsquo;avez plus besoin de brider votre imagination par les lignes droites parce que, d\u00e9sormais, Agway permet de laminer de magnifiques toits uniform\u00e9ment courbes \u00e0 partir de ses profil\u00e9s \u00e0 joints debout AR \u2013 sur votre chantier m\u00eame!<\/p>\n<p>Il arrive parfois que les lignes droites et les angles droits ne conviennent pas \u00e0 votre concept cr\u00e9ateur. Les surfaces courbes cr\u00e9ent des transitions plus en douceur, plus organiques, que les lignes droites \u2013 des qualit\u00e9s qui affectent \u00e9norm\u00e9ment l&rsquo;allure globale et l&rsquo;esth\u00e9tisme architectural lors de la cr\u00e9ation d&rsquo;\u00e9difices pour pratiquement tout genre d&rsquo;application. Mais maintenant, gr\u00e2ce \u00e0 Agway les surfaces de toit recourb\u00e9es sont un jeu d&rsquo;enfant : voici en primeur les panneaux de toit de M\u00e9tal Recourb\u00e9s de Agway.<\/p>\n<p>Vous commencez par nos profil\u00e9s de t\u00f4le \u00e0 joints debout AR, puis, \u00e0 l&rsquo;aide de notre machine \u00e0 laminer portative (que Agway exp\u00e9diera n&rsquo;importe o\u00f9 \u2013 directement \u00e0 votre changer de construction), vous pouvez facilement transformer ces panneaux plats en de splendides panneaux pr\u00e9cis\u00e9ment courb\u00e9s qui conf\u00e9reront la touche d&rsquo;\u00e9l\u00e9gance requise pour exprimer les nuances de votre vision cr\u00e9atrice du produit fini.<\/p>\n<ul>\n<li>Machine \u00e0 laminer (rouler) exp\u00e9di\u00e9e directement au chantier<\/li>\n<li>Procure des profil\u00e9s courb\u00e9s \u2013 d&rsquo;un esth\u00e9tisme unique en son genre<\/li>\n<li>Peut rouler les profil\u00e9s AR 25 et AR 38<\/li>\n<li>Accepte les t\u00f4les de longueur allant de 1 pi 6 po \u00e0 60 pi 0 po<\/li>\n<li>Radius minimums de 80 po (AR25), 120 po (AR38)<\/li>\n<li>Courbes concaves uniquement<\/li>\n<\/ul>\n<p>Panneaux de m\u00e9tal courb\u00e9s : Une fa\u00e7on de plus pour Agway de vous faciliter les Affaires \u2026<\/p>\n<\/div>\n<\/div>\n<\/div>\n<\/div>\n","protected":false},"excerpt":{"rendered":"<p>Introduction Les courbes sont un \u00e9l\u00e9ment int\u00e9gral de beaut\u00e9 organique et math\u00e9matique. Aujourd&rsquo;hui, Agway Metals \u00e9largit votre champ de cr\u00e9ativit\u00e9 en vous offrant une m\u00e9thodologie pratique de formation d&rsquo;\u00e9l\u00e9gants panneaux de toit recourb\u00e9s, sur place. Que vous soyez architecte, concepteur ou constructeur, vous n&rsquo;avez plus besoin de brider votre imagination par les lignes droites parce [&hellip;]<\/p>\n","protected":false},"author":2,"featured_media":0,"parent":0,"menu_order":0,"comment_status":"closed","ping_status":"closed","template":"","meta":{"_acf_changed":false,"footnotes":""},"class_list":["post-2530","page","type-page","status-publish","hentry"],"acf":[],"_links":{"self":[{"href":"https:\/\/architects.agwaymetals.com\/fr\/wp-json\/wp\/v2\/pages\/2530","targetHints":{"allow":["GET"]}}],"collection":[{"href":"https:\/\/architects.agwaymetals.com\/fr\/wp-json\/wp\/v2\/pages"}],"about":[{"href":"https:\/\/architects.agwaymetals.com\/fr\/wp-json\/wp\/v2\/types\/page"}],"author":[{"embeddable":true,"href":"https:\/\/architects.agwaymetals.com\/fr\/wp-json\/wp\/v2\/users\/2"}],"replies":[{"embeddable":true,"href":"https:\/\/architects.agwaymetals.com\/fr\/wp-json\/wp\/v2\/comments?post=2530"}],"version-history":[{"count":5,"href":"https:\/\/architects.agwaymetals.com\/fr\/wp-json\/wp\/v2\/pages\/2530\/revisions"}],"predecessor-version":[{"id":4763,"href":"https:\/\/architects.agwaymetals.com\/fr\/wp-json\/wp\/v2\/pages\/2530\/revisions\/4763"}],"wp:attachment":[{"href":"https:\/\/architects.agwaymetals.com\/fr\/wp-json\/wp\/v2\/media?parent=2530"}],"curies":[{"name":"wp","href":"https:\/\/api.w.org\/{rel}","templated":true}]}}