{"id":2536,"date":"2017-08-02T03:41:43","date_gmt":"2017-08-02T03:41:43","guid":{"rendered":"https:\/\/architects.agwaymetals.com\/?page_id=2536\/"},"modified":"2024-11-20T20:08:12","modified_gmt":"2024-11-20T20:08:12","slug":"documents-imprimes","status":"publish","type":"page","link":"https:\/\/architects.agwaymetals.com\/fr\/documents-imprimes\/","title":{"rendered":"Documents imprim\u00e9s"},"content":{"rendered":"<p>&nbsp;<\/p>\n<p>&nbsp;<\/p>\n<table class=\" aligncenter\" style=\"border: 0px solid #000000;\">\n<colgroup>\n<col style=\"width: 25%;\" \/>\n<col style=\"width: 25%;\" \/>\n<col style=\"width: 25%;\" \/>\n<col style=\"width: 25%;\" \/><\/colgroup>\n<tbody>\n<tr>\n<td>\n<p style=\"text-align: center;\"><strong>Brochure<br \/>\ncorporative<\/strong><\/p>\n<p style=\"text-align: center;\"><a href=\"https:\/\/www.agwaymetals.com\/wp-content\/uploads\/2019\/01\/amCorpBroch24Fr_105.pdf\" target=\"_blank\" rel=\"noopener\"><img loading=\"lazy\" decoding=\"async\" class=\"alignnone size-full wp-image-23297\" src=\"http:\/\/www.agwaymetals.com\/wp-content\/uploads\/2022\/01\/corpBrochureIconFR_101.jpg\" alt=\"\" width=\"167\" height=\"216\" \/><\/a><\/p>\n<p style=\"text-align: center;\"><a href=\"https:\/\/www.agwaymetals.com\/wp-content\/uploads\/2019\/01\/amCorpBroch24PFFr_105.pdf\" target=\"_blank\" rel=\"noopener\">Printer Friendly<\/a><\/p>\n<\/td>\n<td>\n<p style=\"text-align: center;\"><strong>Brochure sur les toitures<br \/>\nd\u2019acier r\u00e9sidentielles<\/strong><\/p>\n<p style=\"text-align: center;\"><a href=\"https:\/\/www.agwaymetals.com\/wp-content\/uploads\/2021\/08\/resRoofBroch2024Fr_100.pdf\" target=\"_blank\" rel=\"noopener\"><img loading=\"lazy\" decoding=\"async\" class=\"alignnone size-full wp-image-23317\" src=\"http:\/\/www.agwaymetals.com\/wp-content\/uploads\/2022\/01\/resRoofBrochIconFR_101.jpg\" alt=\"\" width=\"167\" height=\"216\" \/><\/a><\/p>\n<p style=\"text-align: center;\"><a href=\"https:\/\/www.agwaymetals.com\/wp-content\/uploads\/2021\/08\/resRoofBroch2024FrPF_100.pdf\" target=\"_blank\" rel=\"noopener\">Printer Friendly<\/a><\/p>\n<\/td>\n<td>\n<p style=\"text-align: center;\"><strong>Tableau des<br \/>\ncouleurs<\/strong><\/p>\n<p style=\"text-align: center;\"><a href=\"https:\/\/www.agwaymetals.com\/wp-content\/uploads\/2021\/06\/agwayColourChart_168.pdf\" target=\"_blank\" rel=\"noopener\"><img loading=\"lazy\" decoding=\"async\" class=\"alignnone size-full wp-image-23295\" src=\"http:\/\/www.agwaymetals.com\/wp-content\/uploads\/2022\/01\/colourChartIcon_102.jpg\" alt=\"\" width=\"167\" height=\"216\" \/><\/a><\/p>\n<p style=\"text-align: center;\"><a href=\"https:\/\/www.agwaymetals.com\/wp-content\/uploads\/2021\/06\/agwayColourChartPF_168.pdf\" target=\"_blank\" rel=\"noopener\">Printer Friendly<\/a><\/p>\n<\/td>\n<td>\n<p style=\"text-align: center;\"><strong>Guide de s\u00e9l\u00e9ction des profil\u00e9s et disponibilit\u00e9 des couleurs<\/strong><\/p>\n<p style=\"text-align: center;\"><a href=\"https:\/\/www.agwaymetals.com\/wp-content\/uploads\/2020\/09\/profileColourGuide_216.pdf\" target=\"_blank\" rel=\"noopener\"><img loading=\"lazy\" decoding=\"async\" class=\"alignnone size-full wp-image-23313\" src=\"http:\/\/www.agwaymetals.com\/wp-content\/uploads\/2023\/02\/profileColourGuideIcon_103.jpg\" alt=\"\" width=\"167\" height=\"216\" \/><\/a><\/p>\n<p style=\"text-align: center;\"><a href=\"https:\/\/www.agwaymetals.com\/wp-content\/uploads\/2023\/02\/profileColourGuidePF_216.pdf\" target=\"_blank\" rel=\"noopener\">Printer Friendly<\/a><\/p>\n<\/td>\n<\/tr>\n<tr>\n<td>\n<p style=\"text-align: center;\"><strong>Tableau de disponibilit\u00e9 des stocks \u2013 Produits plats<\/strong><\/p>\n<p style=\"text-align: center;\"><a href=\"https:\/\/www.agwaymetals.com\/wp-content\/uploads\/2022\/07\/amFlatSheetAvailability_214.pdf\" target=\"_blank\" rel=\"noopener\"><img loading=\"lazy\" decoding=\"async\" class=\"alignnone size-full wp-image-23299 aligncenter\" src=\"http:\/\/www.agwaymetals.com\/wp-content\/uploads\/2022\/01\/flatSheetAvailabilityIcon_101.jpg\" alt=\"\" width=\"167\" height=\"216\" \/><\/a><\/p>\n<p style=\"text-align: center;\">\n<\/td>\n<td>\n<p style=\"text-align: center;\"><strong>Trusscore Wall&amp;CeilingBoard (anglais seulement)<\/strong><\/p>\n<p style=\"text-align: center;\"><a href=\"http:\/\/www.agwaymetals.com\/wp-content\/uploads\/2021\/09\/pla_WCBProductSheet.pdf\" target=\"_blank\" rel=\"noopener\"><img loading=\"lazy\" decoding=\"async\" class=\"size-full wp-image-23325 aligncenter\" src=\"http:\/\/www.agwaymetals.com\/wp-content\/uploads\/2022\/01\/trusscoreBrochureIcon_101.jpg\" alt=\"\" width=\"167\" height=\"216\" \/><\/a><\/p>\n<p style=\"text-align: center;\">\n<\/td>\n<td>\n<p style=\"text-align: center;\"><strong>Produits Plus<br \/>\nAgricoles<\/strong><\/p>\n<p style=\"text-align: center;\"><a href=\"https:\/\/www.agwaymetals.com\/wp-content\/uploads\/2020\/05\/productPlusAgriFR_123.pdf\" target=\"_blank\" rel=\"noopener\"><img loading=\"lazy\" decoding=\"async\" class=\"alignnone size-full wp-image-23303\" src=\"http:\/\/www.agwaymetals.com\/wp-content\/uploads\/2022\/01\/productPlusAgriIconFR_101.jpg\" alt=\"\" width=\"167\" height=\"216\" \/><\/a><\/p>\n<p style=\"text-align: center;\"><a href=\"https:\/\/www.agwaymetals.com\/wp-content\/uploads\/2020\/05\/productPlusAgriFR_PF_123.pdf\" target=\"_blank\" rel=\"noopener\">Printer Friendly<\/a><\/p>\n<\/td>\n<td>\n<p style=\"text-align: center;\"><strong>Produits Plus<br \/>\nR\u00e9sidentielles<\/strong><\/p>\n<p style=\"text-align: center;\"><a href=\"https:\/\/www.agwaymetals.com\/wp-content\/uploads\/2020\/05\/productPlusResFR_123.pdf\" target=\"_blank\" rel=\"noopener\"><img loading=\"lazy\" decoding=\"async\" class=\"alignnone size-full wp-image-23311\" src=\"http:\/\/www.agwaymetals.com\/wp-content\/uploads\/2022\/01\/productPlusResIconFR_101.jpg\" alt=\"\" width=\"167\" height=\"216\" \/><\/a><\/p>\n<p style=\"text-align: center;\"><a href=\"https:\/\/www.agwaymetals.com\/wp-content\/uploads\/2020\/05\/productPlusResFR_PF_123.pdf\" target=\"_blank\" rel=\"noopener\">Printer Friendly<\/a><\/p>\n<\/td>\n<\/tr>\n<tr>\n<td>\n<p style=\"text-align: center;\"><strong>Produits Plus<br \/>\nParements Muraux Commerciaux<\/strong><\/p>\n<p style=\"text-align: center;\"><a href=\"https:\/\/www.agwaymetals.com\/wp-content\/uploads\/2020\/05\/productPlusCommCladFR_123.pdf\" target=\"_blank\" rel=\"noopener\"><img loading=\"lazy\" decoding=\"async\" class=\"alignnone size-full wp-image-23305\" src=\"http:\/\/www.agwaymetals.com\/wp-content\/uploads\/2022\/01\/productPlusCommCladIconFR_101.jpg\" alt=\"\" width=\"167\" height=\"216\" \/><\/a><\/p>\n<p style=\"text-align: center;\"><a href=\"https:\/\/www.agwaymetals.com\/wp-content\/uploads\/2020\/05\/productPlusCommCladFR_PF_123.pdf\" target=\"_blank\" rel=\"noopener\">Printer Friendly<\/a><\/p>\n<\/td>\n<td>\n<p style=\"text-align: center;\"><strong>Produits Plus<br \/>\nToiture de M\u00e9tal<\/strong><\/p>\n<p style=\"text-align: center;\"><a href=\"https:\/\/www.agwaymetals.com\/wp-content\/uploads\/2020\/05\/productPlusCommMetalRoofFR_123.pdf\" target=\"_blank\" rel=\"noopener\"><img loading=\"lazy\" decoding=\"async\" class=\"alignnone size-full wp-image-23307\" src=\"http:\/\/www.agwaymetals.com\/wp-content\/uploads\/2022\/01\/productPlusCommMetalRoofIconFR_101.jpg\" alt=\"\" width=\"167\" height=\"216\" \/><\/a><\/p>\n<p style=\"text-align: center;\"><a href=\"https:\/\/www.agwaymetals.com\/wp-content\/uploads\/2020\/05\/productPlusCommMetalRoofFR_PF_123.pdf\" target=\"_blank\" rel=\"noopener\">Printer Friendly<\/a><\/p>\n<\/td>\n<td>\n<p style=\"text-align: center;\"><strong>Produits Plus<br \/>\nTabliers de Toiture et de Plancher<\/strong><\/p>\n<p style=\"text-align: center;\"><a href=\"https:\/\/www.agwaymetals.com\/wp-content\/uploads\/2020\/05\/productPlusCommRFD_123.pdf\" target=\"_blank\" rel=\"noopener\"><img loading=\"lazy\" decoding=\"async\" class=\"alignnone size-full wp-image-23309\" src=\"http:\/\/www.agwaymetals.com\/wp-content\/uploads\/2022\/01\/productPlusCommRFDIconFR_101.jpg\" alt=\"\" width=\"167\" height=\"216\" \/><\/a><\/p>\n<p style=\"text-align: center;\"><a href=\"https:\/\/www.agwaymetals.com\/wp-content\/uploads\/2020\/05\/productPlusCommRFDPF_123.pdf\" target=\"_blank\" rel=\"noopener\">Printer Friendly<\/a><\/p>\n<\/td>\n<td>\n<p style=\"text-align: center;\"><strong>Architecture<br \/>\nR\u00e9sidentielle<\/strong><\/p>\n<p style=\"text-align: center;\"><a href=\"https:\/\/www.agwaymetals.com\/wp-content\/uploads\/2023\/07\/amArchResFR_117.pdf\" target=\"_blank\" rel=\"noopener\"><img loading=\"lazy\" decoding=\"async\" class=\"alignnone size-full wp-image-23293\" src=\"http:\/\/www.agwaymetals.com\/wp-content\/uploads\/2022\/01\/archResBrochureIconFR_102.jpg\" alt=\"\" width=\"167\" height=\"216\" \/><\/a><\/p>\n<p style=\"text-align: center;\"><a href=\"https:\/\/www.agwaymetals.com\/wp-content\/uploads\/2023\/07\/amArchResFR_PF_117.pdf\" target=\"_blank\" rel=\"noopener\">Printer Friendly<\/a><\/p>\n<\/td>\n<\/tr>\n<tr>\n<td>\n<p style=\"text-align: center;\"><strong>Brochure du Portefeuille<br \/>\nR\u00e9gional<\/strong><\/p>\n<p style=\"text-align: center;\"><a href=\"http:\/\/www.agwaymetals.com\/wp-content\/uploads\/2021\/06\/amRegBroch_114.pdf\" target=\"_blank\" rel=\"noopener\"><img loading=\"lazy\" decoding=\"async\" class=\"alignnone size-full wp-image-23315\" src=\"http:\/\/www.agwaymetals.com\/wp-content\/uploads\/2022\/01\/regionalBrochureIcon_101.jpg\" alt=\"\" width=\"167\" height=\"216\" \/><\/a><\/p>\n<p style=\"text-align: center;\"><a href=\"http:\/\/www.agwaymetals.com\/wp-content\/uploads\/2021\/06\/amRegBrochPF_114.pdf\" target=\"_blank\" rel=\"noopener\">Printer Friendly<\/a><\/p>\n<\/td>\n<td>\n<p style=\"text-align: center;\"><strong>Guide d&rsquo;installation<br \/>\nAR, NS, SL<\/strong><\/p>\n<p style=\"text-align: center;\"><a href=\"https:\/\/www.agwaymetals.com\/wp-content\/uploads\/2021\/06\/amAR_NS_SLInstallGuideFR_116.pdf\" target=\"_blank\" rel=\"noopener\"><img loading=\"lazy\" decoding=\"async\" class=\"alignnone size-full wp-image-23291\" src=\"http:\/\/www.agwaymetals.com\/wp-content\/uploads\/2022\/01\/ar_NS_SLInstallGuideIconFR_101.jpg\" alt=\"\" width=\"167\" height=\"216\" \/><\/a><\/p>\n<p style=\"text-align: center;\"><a href=\"https:\/\/www.agwaymetals.com\/wp-content\/uploads\/2021\/06\/amAR_NS_SLInstallGuideFRPF_116.pdf\" target=\"_blank\" rel=\"noopener\">Printer Friendly<\/a><\/p>\n<\/td>\n<td>\n<p style=\"text-align: center;\"><strong>Sous-entretoises<br \/>\nprofil\u00e9es par roulage<\/strong><\/p>\n<p style=\"text-align: center;\"><a href=\"http:\/\/www.agwaymetals.com\/wp-content\/uploads\/2021\/12\/amSubGirtPPFR_111.pdf\" target=\"_blank\" rel=\"noopener\"><img loading=\"lazy\" decoding=\"async\" class=\"alignnone size-full wp-image-23323 aligncenter\" src=\"http:\/\/www.agwaymetals.com\/wp-content\/uploads\/2022\/01\/subGirtProductPageIconFR_101.jpg\" alt=\"\" width=\"167\" height=\"216\" \/><\/a><\/p>\n<p>&nbsp;<\/td>\n<td>\n<p style=\"text-align: center;\"><strong>Self Storage Interior Components<br \/>\n(anglais seulement)<\/strong><\/p>\n<p style=\"text-align: center;\"><a href=\"https:\/\/www.agwaymetals.com\/wp-content\/uploads\/2021\/12\/amStorageComponents_119.pdf\" target=\"_blank\" rel=\"noopener\"><img loading=\"lazy\" decoding=\"async\" class=\"alignnone size-full wp-image-23321\" src=\"http:\/\/www.agwaymetals.com\/wp-content\/uploads\/2022\/01\/storageComponentsIcon_101.jpg\" alt=\"\" width=\"167\" height=\"216\" \/><\/a><\/p>\n<p style=\"text-align: center;\"><a href=\"https:\/\/www.agwaymetals.com\/wp-content\/uploads\/2021\/12\/amStorageComponentsPF_119.pdf\" target=\"_blank\" rel=\"noopener\">Printer Friendly<\/a><\/p>\n<p>&nbsp;<\/td>\n<\/tr>\n<tr>\n<td>\n<p style=\"text-align: center;\"><strong>Mise \u00e0 jour technique<br \/>\nHF-12 cran<\/strong><\/p>\n<p style=\"text-align: center;\"><a href=\"http:\/\/www.agwaymetals.com\/wp-content\/uploads\/2021\/12\/amHF12NotchNoticeFR_201.pdf\" target=\"_blank\" rel=\"noopener\"><img loading=\"lazy\" decoding=\"async\" class=\"alignnone size-full wp-image-23301 aligncenter\" src=\"http:\/\/www.agwaymetals.com\/wp-content\/uploads\/2022\/01\/hf12NotchNoticeIconFR_101.jpg\" alt=\"\" width=\"167\" height=\"216\" \/><\/a><\/p>\n<\/td>\n<td>\n<p style=\"text-align: center;\"><strong>Brochure de vente<br \/>\nStratus<\/strong><\/p>\n<p style=\"text-align: center;\"><a href=\"https:\/\/www.agwaymetals.com\/wp-content\/uploads\/2022\/06\/amStratusSalesPageFR_105.pdf\" target=\"_blank\" rel=\"noopener\"><img loading=\"lazy\" decoding=\"async\" class=\"alignnone size-full wp-image-23321\" src=\"http:\/\/www.agwaymetals.com\/wp-content\/uploads\/2023\/07\/amStratusBrochureIconFR_104.jpg\" alt=\"\" width=\"167\" height=\"216\" \/><\/a><\/p>\n<p style=\"text-align: center;\"><a href=\"https:\/\/www.agwaymetals.com\/wp-content\/uploads\/2022\/06\/amStratusSalesPageFRPF_105.pdf\" target=\"_blank\" rel=\"noopener\">Printer Friendly<\/a><\/p>\n<\/td>\n<td>\n<p style=\"text-align: center;\"><strong>Attache thermique Agway<br \/>\n(ATA)<\/strong><\/p>\n<p style=\"text-align: center;\"><a href=\"http:\/\/www.agwaymetals.com\/wp-content\/uploads\/2022\/04\/amATCFr_105.pdf\" target=\"_blank\" rel=\"noopener\"><img loading=\"lazy\" decoding=\"async\" class=\"alignnone size-full wp-image-23301 aligncenter\" src=\"http:\/\/www.agwaymetals.com\/wp-content\/uploads\/2022\/08\/atcProductPageIconFR_100.jpg\" alt=\"\" width=\"167\" height=\"216\" \/><\/a><\/p>\n<p>&nbsp;<\/td>\n<td>\n<p style=\"text-align: center;\"><strong>Fiche technique<br \/>\nAR, NS, SL<\/strong><\/p>\n<p style=\"text-align: center;\"><a href=\"http:\/\/www.agwaymetals.com\/wp-content\/uploads\/2017\/07\/amMetalRoofingSpecFR_201.pdf\" target=\"_blank\" rel=\"noopener\"><img loading=\"lazy\" decoding=\"async\" class=\"alignnone size-full wp-image-23323 aligncenter\" src=\"http:\/\/www.agwaymetals.com\/wp-content\/uploads\/2022\/11\/metalRoofingSpeclIcons_100.jpg\" alt=\"\" width=\"167\" height=\"216\" \/><\/a><\/p>\n<p>&nbsp;<\/td>\n<\/tr>\n<tr>\n<td>\n<p style=\"text-align: center;\"><strong>Fiche technique de<br \/>\nrev\u00eatement m\u00e9tallique<\/strong><\/p>\n<p style=\"text-align: center;\"><a href=\"http:\/\/www.agwaymetals.com\/wp-content\/uploads\/2017\/05\/amMetalWallSpecFR_201.pdf\" target=\"_blank\" rel=\"noopener\"><img loading=\"lazy\" decoding=\"async\" class=\"alignnone size-full wp-image-23323 aligncenter\" src=\"http:\/\/www.agwaymetals.com\/wp-content\/uploads\/2022\/12\/metalCladdingSpeclIcons_100.jpg\" alt=\"\" width=\"167\" height=\"216\" \/><\/a><\/p>\n<p>&nbsp;<\/td>\n<td>\n<p style=\"text-align: center;\"><strong>Brochure de<br \/>\nvente Trius<\/strong><\/p>\n<p style=\"text-align: center;\"><a href=\"https:\/\/www.agwaymetals.com\/wp-content\/uploads\/2024\/05\/amTriusSalesPageFR_103.pdf\" target=\"_blank\" rel=\"noopener\"><img loading=\"lazy\" decoding=\"async\" class=\"size-full wp-image-23378 aligncenter\" src=\"http:\/\/www.agwaymetals.com\/wp-content\/uploads\/2024\/02\/amTriusSalesPageIconFR_102.jpg\" alt=\"\" width=\"167\" height=\"216\" \/><\/a><\/p>\n<p>&nbsp;<\/td>\n<td><\/td>\n<td><\/td>\n<\/tr>\n<\/tbody>\n<\/table>\n","protected":false},"excerpt":{"rendered":"<p>&nbsp; &nbsp; Brochure corporative Printer Friendly Brochure sur les toitures d\u2019acier r\u00e9sidentielles Printer Friendly Tableau des couleurs Printer Friendly Guide de s\u00e9l\u00e9ction des profil\u00e9s et disponibilit\u00e9 des couleurs Printer Friendly Tableau de disponibilit\u00e9 des stocks \u2013 Produits plats Trusscore Wall&amp;CeilingBoard (anglais seulement) Produits Plus Agricoles Printer Friendly Produits Plus R\u00e9sidentielles Printer Friendly Produits Plus Parements [&hellip;]<\/p>\n","protected":false},"author":2,"featured_media":0,"parent":0,"menu_order":0,"comment_status":"closed","ping_status":"closed","template":"","meta":{"_acf_changed":false,"footnotes":""},"class_list":["post-2536","page","type-page","status-publish","hentry"],"acf":[],"_links":{"self":[{"href":"https:\/\/architects.agwaymetals.com\/fr\/wp-json\/wp\/v2\/pages\/2536","targetHints":{"allow":["GET"]}}],"collection":[{"href":"https:\/\/architects.agwaymetals.com\/fr\/wp-json\/wp\/v2\/pages"}],"about":[{"href":"https:\/\/architects.agwaymetals.com\/fr\/wp-json\/wp\/v2\/types\/page"}],"author":[{"embeddable":true,"href":"https:\/\/architects.agwaymetals.com\/fr\/wp-json\/wp\/v2\/users\/2"}],"replies":[{"embeddable":true,"href":"https:\/\/architects.agwaymetals.com\/fr\/wp-json\/wp\/v2\/comments?post=2536"}],"version-history":[{"count":64,"href":"https:\/\/architects.agwaymetals.com\/fr\/wp-json\/wp\/v2\/pages\/2536\/revisions"}],"predecessor-version":[{"id":8487,"href":"https:\/\/architects.agwaymetals.com\/fr\/wp-json\/wp\/v2\/pages\/2536\/revisions\/8487"}],"wp:attachment":[{"href":"https:\/\/architects.agwaymetals.com\/fr\/wp-json\/wp\/v2\/media?parent=2536"}],"curies":[{"name":"wp","href":"https:\/\/api.w.org\/{rel}","templated":true}]}}