{"id":2552,"date":"2017-08-02T14:43:12","date_gmt":"2017-08-02T14:43:12","guid":{"rendered":"https:\/\/architects.agwaymetals.com\/?page_id=2552\/"},"modified":"2025-05-02T14:20:26","modified_gmt":"2025-05-02T14:20:26","slug":"etudes-de-cas","status":"publish","type":"page","link":"https:\/\/architects.agwaymetals.com\/fr\/etudes-de-cas\/","title":{"rendered":"\u00c9tudes de cas"},"content":{"rendered":"<div class=\"content scrapped\">\n<div class=\"field field-name-body field-type-text-with-summary field-label-hidden\">\n<div class=\"field-items\">\n<div class=\"field-item even\">\n<h1>Introduction<\/h1>\n<p>Bienvenue \u00e0 la collection continuellement \u00e9largie de cas concrets, courts et inspirants, publi\u00e9s pour mettre en vedette certaines des solutions, tant traditionnelles que novatrices, les plus imaginatives et les plus efficaces de nos clients. Cette s\u00e9rie d&rsquo;analyses de projets vise \u00e0 c\u00e9l\u00e9brer leurs talents cr\u00e9ateurs en mati\u00e8re de planification, d&rsquo;\u00e9laboration et de constructions de merveilleuses structures, dignes de mention, faisant appel aux produits de qualit\u00e9 Agway dans le march\u00e9 industriel-commercial-institutionnel et le march\u00e9 r\u00e9sidentiel. Nous esp\u00e9rons qu&rsquo;ils sauront vous inspirer \u00e0 explorer vos propres id\u00e9es de cr\u00e9ation lors de votre prochain projet. Nous vous invitons \u00e0 revenir r\u00e9guli\u00e8rement \u00e0 cette section alors que nous continuerons de mettre \u00e0 jour cette compilation \u00e0 l&rsquo;aide d&rsquo;autres nouveaux cas de r\u00e9ussite en vue de vous inspirer et de donner un souffle de nouveaut\u00e9 \u00e0 vos futures cr\u00e9ations. Ce n&rsquo;est qu&rsquo;une autre des multiples fa\u00e7ons par lesquelles Agway est l\u00e0 pour vous faciliter les affaires!<\/p>\n<ul class=\"col-2\">\n<li><a href=\"https:\/\/agwaymetals.com\/wp-content\/uploads\/2025\/05\/amCSPineryLineFR_140.pdf\" target=\"_blank\" rel=\"noopener noreferrer\"><img decoding=\"async\" src=\"https:\/\/agwaymetals.com\/wp-content\/uploads\/2025\/05\/csPineryLineBanFR_100.jpg\" \/><\/a><\/li>\n<li><a href=\"http:\/\/agwaymetals.com\/wp-content\/uploads\/2025\/02\/amCSPickleballCourtFR_138.pdf\" target=\"_blank\" rel=\"noopener noreferrer\"><img decoding=\"async\" src=\"http:\/\/agwaymetals.com\/wp-content\/uploads\/2025\/02\/csLarockPicleballCourtBanFR_100.jpg\" \/><\/a><\/li>\n<li><a href=\"https:\/\/www.agwaymetals.com\/wp-content\/uploads\/2024\/10\/amUTSCHarmonyCommonsFR_137.pdf\" target=\"_blank\" rel=\"noopener noreferrer\"><img decoding=\"async\" src=\"https:\/\/www.agwaymetals.com\/wp-content\/uploads\/2024\/10\/csUTSC_HarmonyCommonsBanFR_102.jpg\" \/><\/a><\/li>\n<li><a href=\"http:\/\/www.agwaymetals.com\/wp-content\/uploads\/2024\/07\/amCSWeatheringSteelFR_136.pdf\" target=\"_blank\" rel=\"noopener noreferrer\"><img decoding=\"async\" src=\"http:\/\/www.agwaymetals.com\/wp-content\/uploads\/2024\/07\/weatheringSteelBannerFR_102.jpg\" \/><\/a><\/li>\n<li><a href=\"http:\/\/www.agwaymetals.com\/wp-content\/uploads\/2023\/11\/amCS160FrontStWFR_134.pdf\" target=\"_blank\" rel=\"noopener noreferrer\"><img decoding=\"async\" src=\"http:\/\/www.agwaymetals.com\/wp-content\/uploads\/2023\/11\/cs160FrontStWBannerFR_102.jpg\" \/><\/a><\/li>\n<li><a href=\"http:\/\/www.agwaymetals.com\/wp-content\/uploads\/2023\/10\/amCSStarOfTheSeaCondoFR_133.pdf\" target=\"_blank\" rel=\"noopener noreferrer\"><img decoding=\"async\" src=\"http:\/\/www.agwaymetals.com\/wp-content\/uploads\/2023\/10\/starOfTheSeaBannerFR_102.jpg\" \/><\/a><\/li>\n<li><a href=\"http:\/\/www.agwaymetals.com\/wp-content\/uploads\/2023\/08\/amCSChurchillMeadowsFR_132.pdf\" target=\"_blank\" rel=\"noopener noreferrer\"><img decoding=\"async\" src=\"http:\/\/www.agwaymetals.com\/wp-content\/uploads\/2023\/08\/churchillMeadowsBannerFR_102.jpg\" \/><\/a><\/li>\n<li><a href=\"http:\/\/www.agwaymetals.com\/wp-content\/uploads\/2023\/08\/amCSPlaceDesArtsFR_132.pdf\" target=\"_blank\" rel=\"noopener noreferrer\"><img decoding=\"async\" src=\"http:\/\/www.agwaymetals.com\/wp-content\/uploads\/2023\/08\/placeDesArtsBannerFR_102.jpg\" \/><\/a><\/li>\n<li><a href=\"http:\/\/www.agwaymetals.com\/wp-content\/uploads\/2023\/08\/amCSWalkerSportsCentreFR_132.pdf\" target=\"_blank\" rel=\"noopener noreferrer\"><img decoding=\"async\" src=\"http:\/\/www.agwaymetals.com\/wp-content\/uploads\/2023\/08\/walkerSportsCentreBannerFR_102.jpg\" \/><\/a><\/li>\n<li><a href=\"http:\/\/www.agwaymetals.com\/wp-content\/uploads\/2023\/04\/amCSHighlandMuseumFR_132.pdf\" target=\"_blank\" rel=\"noopener noreferrer\"><img decoding=\"async\" src=\"http:\/\/www.agwaymetals.com\/wp-content\/uploads\/2023\/04\/highlandMuseumBannerFR_102.jpg\" \/><\/a><\/li>\n<li><a href=\"http:\/\/www.agwaymetals.com\/wp-content\/uploads\/2022\/11\/amCSBarryFloraBeckettResFR_131.pdf\" target=\"_blank\" rel=\"noopener noreferrer\"><img decoding=\"async\" src=\"http:\/\/www.agwaymetals.com\/wp-content\/uploads\/2022\/11\/barryFloraBeckettBannerFR.jpg\" \/><\/a><\/li>\n<li><a href=\"http:\/\/www.agwaymetals.com\/wp-content\/uploads\/2022\/07\/amCSBillHelenNorrieFR_131.pdf\" target=\"_blank\" rel=\"noopener noreferrer\"><img decoding=\"async\" src=\"http:\/\/www.agwaymetals.com\/wp-content\/uploads\/2022\/07\/csBill_HelenNorrieLibraryBanFR_102.jpg\" \/><\/a><\/li>\n<li><a href=\"http:\/\/www.agwaymetals.com\/wp-content\/uploads\/2022\/07\/amCSChiefAranazhiFR_131.pdf\" target=\"_blank\" rel=\"noopener noreferrer\"><img decoding=\"async\" src=\"http:\/\/www.agwaymetals.com\/wp-content\/uploads\/2022\/07\/csChiefAranazhiHSBanFR_102.jpg\" \/><\/a><\/li>\n<li><a href=\"http:\/\/www.agwaymetals.com\/wp-content\/uploads\/2022\/07\/amPPBernieWolfeSchoolFR_114.pdf\" target=\"_blank\" rel=\"noopener\"><img decoding=\"async\" src=\"http:\/\/www.agwaymetals.com\/wp-content\/uploads\/2022\/07\/ppBernieWolfSchoolBanFR_102.jpg\" \/><\/a><\/li>\n<li><a href=\"http:\/\/www.agwaymetals.com\/wp-content\/uploads\/2020\/11\/amPeterGeorgeCentreFR_131.pdf\" target=\"_blank\" rel=\"noopener noreferrer\"><img decoding=\"async\" src=\"http:\/\/www.agwaymetals.com\/wp-content\/uploads\/2019\/01\/peterGeorgeCentreBannerFR_101.jpg\" \/><\/a><\/li>\n<li><a href=\"http:\/\/www.agwaymetals.com\/wp-content\/uploads\/2020\/12\/amPPGreenStorageFR_112.pdf\" target=\"_blank\" rel=\"noopener noreferrer\"><img decoding=\"async\" src=\"http:\/\/www.agwaymetals.com\/wp-content\/uploads\/2019\/01\/ppGreenStorageBannerFR_100.jpg\" \/><\/a><\/li>\n<li><a href=\"http:\/\/www.agwaymetals.com\/wp-content\/uploads\/2020\/12\/amCSLanewayHouseFR_131.pdf\" target=\"_blank\" rel=\"noopener\"><img decoding=\"async\" src=\"http:\/\/www.agwaymetals.com\/wp-content\/uploads\/2019\/01\/amCSLanewayHouseFR.jpg\" \/><\/a><\/li>\n<li><a href=\"http:\/\/www.agwaymetals.com\/wp-content\/uploads\/2020\/12\/amPPBasinviewFR_113.pdf\" target=\"_blank\" rel=\"noopener\"><img decoding=\"async\" src=\"http:\/\/www.agwaymetals.com\/wp-content\/uploads\/2019\/01\/ppBasinviewVetHospitalFR_100.jpg\" \/><\/a><\/li>\n<li><a href=\"http:\/\/www.agwaymetals.com\/wp-content\/uploads\/2020\/12\/amPPFanshaweCollegeFR_113.pdf\" target=\"_blank\" rel=\"noopener\"><img decoding=\"async\" src=\"http:\/\/www.agwaymetals.com\/wp-content\/uploads\/2019\/01\/ppFanshaweCollegeFR_100.jpg\" \/><\/a><\/li>\n<li><a href=\"http:\/\/www.agwaymetals.com\/wp-content\/uploads\/2019\/01\/amPP2945DundasStWFR_113.pdf\" target=\"_blank\" rel=\"noopener\"><img decoding=\"async\" src=\"http:\/\/www.agwaymetals.com\/wp-content\/uploads\/2019\/01\/pp2945DundasStWFR_100.jpg\" \/><\/a><\/li>\n<li><a href=\"http:\/\/www.agwaymetals.com\/wp-content\/uploads\/2019\/01\/amCSTTCVaughanFr_131.pdf\" target=\"_blank\" rel=\"noopener noreferrer\"><img decoding=\"async\" src=\"http:\/\/www.agwaymetals.com\/wp-content\/uploads\/2019\/01\/csTTCStationBannerFR.jpg\" \/><\/a><\/li>\n<li><a href=\"http:\/\/www.agwaymetals.com\/wp-content\/uploads\/2019\/01\/amCS570StradbrookCondoFr_131.pdf\" target=\"_blank\" rel=\"noopener noreferrer\"><img decoding=\"async\" src=\"http:\/\/www.agwaymetals.com\/wp-content\/uploads\/2019\/01\/cs570StradbrookBannerFr.jpg\" \/><\/a><\/li>\n<li><a href=\"http:\/\/www.agwaymetals.com\/wp-content\/uploads\/2019\/05\/amCSOntarioPavillionFR_126.pdf\" target=\"_blank\" rel=\"noopener noreferrer\"><img decoding=\"async\" src=\"http:\/\/www.agwaymetals.com\/wp-content\/uploads\/2019\/01\/csONPlacePavilionBannerFR_102.jpg\" \/><\/a><\/li>\n<li><a href=\"http:\/\/www.agwaymetals.com\/wp-content\/uploads\/2019\/01\/amCSHiltonHouseFR_120.pdf\" target=\"_blank\" rel=\"noopener noreferrer\"><img decoding=\"async\" src=\"http:\/\/www.agwaymetals.com\/wp-content\/uploads\/2019\/01\/csHiltonHouseFR.jpg\" \/><\/a><\/li>\n<li><a href=\"http:\/\/www.agwaymetals.com\/wp-content\/uploads\/2019\/01\/amCSCValhallaEquineCenterFR_119.pdf\" target=\"_blank\" rel=\"noopener noreferrer\"><img decoding=\"async\" src=\"http:\/\/www.agwaymetals.com\/wp-content\/uploads\/2019\/01\/csValhallaBannerFR.jpg\" \/><\/a><\/li>\n<li><a href=\"http:\/\/www.agwaymetals.com\/wp-content\/uploads\/2019\/01\/amCSPGCResearchTowerFR_119.pdf\" target=\"_blank\" rel=\"noopener noreferrer\"><img decoding=\"async\" src=\"http:\/\/www.agwaymetals.com\/wp-content\/uploads\/2019\/01\/csPeterGilganBannerFR.jpg\" \/><\/a><\/li>\n<li><a href=\"http:\/\/www.agwaymetals.com\/wp-content\/uploads\/2019\/01\/amCS66HeathdaleFR_119.pdf\" target=\"_blank\" rel=\"noopener noreferrer\"><img decoding=\"async\" src=\"http:\/\/www.agwaymetals.com\/wp-content\/uploads\/2019\/01\/csHeathdaleBannerFR.jpg\" \/><\/a><\/li>\n<li><a href=\"http:\/\/www.agwaymetals.com\/wp-content\/uploads\/2019\/01\/amCSTRCCFR_119.pdf\" target=\"_blank\" rel=\"noopener noreferrer\"><img decoding=\"async\" src=\"http:\/\/www.agwaymetals.com\/wp-content\/uploads\/2019\/01\/csTRCCBannerFR.jpg\" \/><\/a><\/li>\n<li><a href=\"http:\/\/www.agwaymetals.com\/wp-content\/uploads\/2019\/01\/amCSLunenburgFR_119.pdf\" target=\"_blank\" rel=\"noopener noreferrer\"><img decoding=\"async\" src=\"http:\/\/www.agwaymetals.com\/wp-content\/uploads\/2019\/01\/csLunenburgBannerFR.jpg\" \/><\/a><\/li>\n<li><a href=\"http:\/\/www.agwaymetals.com\/wp-content\/uploads\/2019\/01\/amCSCarbonearFR_119.pdf\" target=\"_blank\" rel=\"noopener noreferrer\"><img decoding=\"async\" src=\"http:\/\/www.agwaymetals.com\/wp-content\/uploads\/2019\/01\/csCarbonearBannerFR.jpg\" \/><\/a><\/li>\n<li><a href=\"http:\/\/www.agwaymetals.com\/wp-content\/uploads\/2019\/02\/amCSSaultCollegeFR_125.pdf\" target=\"_blank\" rel=\"noopener noreferrer\"><img decoding=\"async\" src=\"http:\/\/www.agwaymetals.com\/wp-content\/uploads\/2019\/01\/csSaultIconFr.jpg\" \/><\/a><\/li>\n<li><a href=\"http:\/\/www.agwaymetals.com\/wp-content\/uploads\/2019\/01\/amCSDofascoFR_119.pdf\" target=\"_blank\" rel=\"noopener noreferrer\"><img decoding=\"async\" src=\"http:\/\/www.agwaymetals.com\/wp-content\/uploads\/2019\/01\/csDofascoIconFr.jpg\" \/><\/a><\/li>\n<\/ul>\n<\/div>\n<\/div>\n<\/div>\n<div class=\"product-details\"><\/div>\n<\/div>\n","protected":false},"excerpt":{"rendered":"<p>Introduction Bienvenue \u00e0 la collection continuellement \u00e9largie de cas concrets, courts et inspirants, publi\u00e9s pour mettre en vedette certaines des solutions, tant traditionnelles que novatrices, les plus imaginatives et les plus efficaces de nos clients. Cette s\u00e9rie d&rsquo;analyses de projets vise \u00e0 c\u00e9l\u00e9brer leurs talents cr\u00e9ateurs en mati\u00e8re de planification, d&rsquo;\u00e9laboration et de constructions de [&hellip;]<\/p>\n","protected":false},"author":2,"featured_media":0,"parent":0,"menu_order":0,"comment_status":"closed","ping_status":"closed","template":"","meta":{"_acf_changed":false,"footnotes":""},"class_list":["post-2552","page","type-page","status-publish","hentry"],"acf":[],"_links":{"self":[{"href":"https:\/\/architects.agwaymetals.com\/fr\/wp-json\/wp\/v2\/pages\/2552","targetHints":{"allow":["GET"]}}],"collection":[{"href":"https:\/\/architects.agwaymetals.com\/fr\/wp-json\/wp\/v2\/pages"}],"about":[{"href":"https:\/\/architects.agwaymetals.com\/fr\/wp-json\/wp\/v2\/types\/page"}],"author":[{"embeddable":true,"href":"https:\/\/architects.agwaymetals.com\/fr\/wp-json\/wp\/v2\/users\/2"}],"replies":[{"embeddable":true,"href":"https:\/\/architects.agwaymetals.com\/fr\/wp-json\/wp\/v2\/comments?post=2552"}],"version-history":[{"count":23,"href":"https:\/\/architects.agwaymetals.com\/fr\/wp-json\/wp\/v2\/pages\/2552\/revisions"}],"predecessor-version":[{"id":11247,"href":"https:\/\/architects.agwaymetals.com\/fr\/wp-json\/wp\/v2\/pages\/2552\/revisions\/11247"}],"wp:attachment":[{"href":"https:\/\/architects.agwaymetals.com\/fr\/wp-json\/wp\/v2\/media?parent=2552"}],"curies":[{"name":"wp","href":"https:\/\/api.w.org\/{rel}","templated":true}]}}