{"id":470,"date":"2017-05-15T18:19:22","date_gmt":"2017-05-15T18:19:22","guid":{"rendered":"https:\/\/architects.agwaymetals.com\/?page_id=470\/"},"modified":"2024-11-19T21:32:42","modified_gmt":"2024-11-19T21:32:42","slug":"home-fr","status":"publish","type":"page","link":"https:\/\/architects.agwaymetals.com\/fr\/","title":{"rendered":"HOME FR"},"content":{"rendered":"<h2>Agway s\u2019engage \u00e0 donner aux architectes une plus grande libert\u00e9 de cr\u00e9ation<\/h2>\n<p>La grande architecture est une confluence parfaitement \u00e9quilibr\u00e9e de la forme et de la fonction. Sans les bons outils de cr\u00e9ation, les architectes sont durement entrav\u00e9s par des obstacles qui rendent excessivement difficile, co\u00fbteuse \u2013 ou m\u00eame impossible \u2013 la concr\u00e9tisation de leur vision dans le monde r\u00e9el. Imaginez Rembrandt ou Picasso essayant de cr\u00e9er leurs chefs-d\u2019\u0153uvre sans les bons pinceaux, les bonnes peintures, les bonnes toiles ou le bon chevalet?<\/p>\n<p>Chez Agway, nous nous effor\u00e7ons de fournir des produits et des composants qui aident les architectes \u00e0 \u00e9largir leurs horizons cr\u00e9atifs et \u00e0 r\u00e9aliser plus facilement et de fa\u00e7on plus abordable leurs conceptions, tout en convergeant la forme et la fonction souhait\u00e9es.<\/p>\n<p>Pour ce qui est des produits de parement et des profil\u00e9s d\u2019acier essentiels \u2013 toits, goutti\u00e8res, bordures de toit et solins \u2013 Agway peut r\u00e9pondre \u00e0 toutes les exigences de vos projets. Mais \u00e7a ne s\u2019arr\u00eate certainement pas l\u00e0. Les produits d\u2019Agway permettent \u00e9galement aux architectes d\u2019int\u00e9grer \u00e0 leurs conceptions des \u00e9l\u00e9ments visuels plus exotiques, dont l\u2019esth\u00e9tisme sensuel de panneaux d\u2019acier galb\u00e9s, l\u2019entretien minime et la durabilit\u00e9 du fabuleux RHEINZINK\u00ae.<\/p>\n<h2>La conception architecturale est difficile. Agway l\u2019a facilit\u00e9e.<\/h2>\n<p>Depuis plus de onze ans, Neil Fraser rel\u00e8ve et surpasse les d\u00e9fis et les exigences des architectes et concepteurs. Il fait d\u00e9sormais profiter Agway de ses ann\u00e9es d\u2019exp\u00e9rience et d\u2019expertise \u00e0 son nouveau poste de repr\u00e9sentant architectural d\u2019Agway. Gr\u00e2ce \u00e0 ses imposantes connaissances de l\u2019industrie qu\u2019il a acquises et \u00e0 la confiance qu\u2019il s\u2019y est acquise au fil de nombreuses ann\u00e9es, le savoir-faire de Neil simplifiera et am\u00e9liorera grandement l\u2019accessibilit\u00e9 des divers produits et services architecturaux d\u2019Agway \u00e0 tous les architectes et concepteurs.<\/p>\n<p>Du zinc RHEINZINK aux autres produits exclusifs d\u2019Agway, en passant par la fabrication sur mesure d\u00e9taill\u00e9e, Agway offre maintenant les conseils et les services complets d\u2019une personne affect\u00e9e exclusivement \u00e0 tous vos besoins architecturaux.<\/p>\n<p>Contactez Neil pour vous renseigner davantage sur la fa\u00e7on dont il pourra personnellement, ainsi que l\u2019approche collaborative de la nouvelle \u00e9quipe des produits et services architecturaux d\u2019Agway en mati\u00e8re de r\u00e9solution de probl\u00e8me, vous faciliter la vie.<\/p>\n","protected":false},"excerpt":{"rendered":"<p>Agway s\u2019engage \u00e0 donner aux architectes une plus grande libert\u00e9 de cr\u00e9ation La grande architecture est une confluence parfaitement \u00e9quilibr\u00e9e de la forme et de la fonction. Sans les bons outils de cr\u00e9ation, les architectes sont durement entrav\u00e9s par des obstacles qui rendent excessivement difficile, co\u00fbteuse \u2013 ou m\u00eame impossible \u2013 la concr\u00e9tisation de leur [&hellip;]<\/p>\n","protected":false},"author":1,"featured_media":0,"parent":0,"menu_order":0,"comment_status":"closed","ping_status":"closed","template":"","meta":{"_acf_changed":false,"footnotes":""},"class_list":["post-470","page","type-page","status-publish","hentry"],"acf":[],"_links":{"self":[{"href":"https:\/\/architects.agwaymetals.com\/fr\/wp-json\/wp\/v2\/pages\/470","targetHints":{"allow":["GET"]}}],"collection":[{"href":"https:\/\/architects.agwaymetals.com\/fr\/wp-json\/wp\/v2\/pages"}],"about":[{"href":"https:\/\/architects.agwaymetals.com\/fr\/wp-json\/wp\/v2\/types\/page"}],"author":[{"embeddable":true,"href":"https:\/\/architects.agwaymetals.com\/fr\/wp-json\/wp\/v2\/users\/1"}],"replies":[{"embeddable":true,"href":"https:\/\/architects.agwaymetals.com\/fr\/wp-json\/wp\/v2\/comments?post=470"}],"version-history":[{"count":27,"href":"https:\/\/architects.agwaymetals.com\/fr\/wp-json\/wp\/v2\/pages\/470\/revisions"}],"predecessor-version":[{"id":8478,"href":"https:\/\/architects.agwaymetals.com\/fr\/wp-json\/wp\/v2\/pages\/470\/revisions\/8478"}],"wp:attachment":[{"href":"https:\/\/architects.agwaymetals.com\/fr\/wp-json\/wp\/v2\/media?parent=470"}],"curies":[{"name":"wp","href":"https:\/\/api.w.org\/{rel}","templated":true}]}}